{"id":1138,"date":"2019-12-22T14:26:51","date_gmt":"2019-12-22T13:26:51","guid":{"rendered":"http:\/\/www.kinner-korenjak.law\/career\/"},"modified":"2024-12-13T21:11:20","modified_gmt":"2024-12-13T20:11:20","slug":"career","status":"publish","type":"page","link":"https:\/\/www.kinner-korenjak.law\/en\/career\/","title":{"rendered":"Career"},"content":{"rendered":"\t\t<div data-elementor-type=\"wp-page\" data-elementor-id=\"1138\" class=\"elementor elementor-1138 elementor-323\" data-elementor-post-type=\"page\">\n\t\t\t\t\t\t<section class=\"elementor-section elementor-top-section elementor-element elementor-element-d106539 elementor-section-boxed elementor-section-height-default elementor-section-height-default\" data-id=\"d106539\" data-element_type=\"section\" data-e-type=\"section\">\n\t\t\t\t\t\t<div class=\"elementor-container elementor-column-gap-default\">\n\t\t\t\t\t<div class=\"elementor-column elementor-col-66 elementor-top-column elementor-element elementor-element-8227146\" data-id=\"8227146\" data-element_type=\"column\" data-e-type=\"column\">\n\t\t\t<div class=\"elementor-widget-wrap elementor-element-populated\">\n\t\t\t\t\t\t<div class=\"elementor-element elementor-element-18dd2e9 elementor-widget elementor-widget-heading\" data-id=\"18dd2e9\" data-element_type=\"widget\" data-e-type=\"widget\" data-widget_type=\"heading.default\">\n\t\t\t\t<div class=\"elementor-widget-container\">\n\t\t\t\t\t<h1 class=\"elementor-heading-title elementor-size-default\"> Career<\/h1>\t\t\t\t<\/div>\n\t\t\t\t<\/div>\n\t\t\t\t<div class=\"elementor-element elementor-element-01825d2 elementor-widget elementor-widget-text-editor\" data-id=\"01825d2\" data-element_type=\"widget\" data-e-type=\"widget\" data-widget_type=\"text-editor.default\">\n\t\t\t\t<div class=\"elementor-widget-container\">\n\t\t\t\t\t\t\t\t\t<p>We continue to develop our boutique law firm step by step.<\/p>\n\t\t\t\t\t\t\t\t<\/div>\n\t\t\t\t<\/div>\n\t\t\t\t<div class=\"elementor-element elementor-element-33ef22a elementor-widget elementor-widget-text-editor\" data-id=\"33ef22a\" data-element_type=\"widget\" data-e-type=\"widget\" data-widget_type=\"text-editor.default\">\n\t\t\t\t<div class=\"elementor-widget-container\">\n\t\t\t\t\t\t\t\t\t<p>Current positions as<\/p>\n\t\t\t\t\t\t\t\t<\/div>\n\t\t\t\t<\/div>\n\t\t\t\t<div class=\"elementor-element elementor-element-975b071 elementor-icon-list--layout-traditional elementor-list-item-link-full_width elementor-widget elementor-widget-icon-list\" data-id=\"975b071\" data-element_type=\"widget\" data-e-type=\"widget\" data-widget_type=\"icon-list.default\">\n\t\t\t\t<div class=\"elementor-widget-container\">\n\t\t\t\t\t\t\t<ul class=\"elementor-icon-list-items\">\n\t\t\t\t\t\t\t<li class=\"elementor-icon-list-item\">\n\t\t\t\t\t\t\t\t\t\t\t<span class=\"elementor-icon-list-icon\">\n\t\t\t\t\t\t\t<i aria-hidden=\"true\" class=\"fas fa-chevron-right\"><\/i>\t\t\t\t\t\t<\/span>\n\t\t\t\t\t\t\t\t\t\t<span class=\"elementor-icon-list-text\"><b>associate<\/b><\/span>\n\t\t\t\t\t\t\t\t\t<\/li>\n\t\t\t\t\t\t\t\t<li class=\"elementor-icon-list-item\">\n\t\t\t\t\t\t\t\t\t\t\t<span class=\"elementor-icon-list-icon\">\n\t\t\t\t\t\t\t<i aria-hidden=\"true\" class=\"fas fa-chevron-right\"><\/i>\t\t\t\t\t\t<\/span>\n\t\t\t\t\t\t\t\t\t\t<span class=\"elementor-icon-list-text\"><b>legal intern<\/b><\/span>\n\t\t\t\t\t\t\t\t\t<\/li>\n\t\t\t\t\t\t\t\t<li class=\"elementor-icon-list-item\">\n\t\t\t\t\t\t\t\t\t\t\t<span class=\"elementor-icon-list-icon\">\n\t\t\t\t\t\t\t<i aria-hidden=\"true\" class=\"fas fa-chevron-right\"><\/i>\t\t\t\t\t\t<\/span>\n\t\t\t\t\t\t\t\t\t\t<span class=\"elementor-icon-list-text\">or in <b>administration<\/b><\/span>\n\t\t\t\t\t\t\t\t\t<\/li>\n\t\t\t\t\t\t<\/ul>\n\t\t\t\t\t\t<\/div>\n\t\t\t\t<\/div>\n\t\t\t\t<div class=\"elementor-element elementor-element-d5653b4 elementor-widget elementor-widget-text-editor\" data-id=\"d5653b4\" data-element_type=\"widget\" data-e-type=\"widget\" data-widget_type=\"text-editor.default\">\n\t\t\t\t<div class=\"elementor-widget-container\">\n\t\t\t\t\t\t\t\t\t<p>will be published here.<\/p>\n\t\t\t\t\t\t\t\t<\/div>\n\t\t\t\t<\/div>\n\t\t\t\t\t<\/div>\n\t\t<\/div>\n\t\t\t\t<div class=\"elementor-column elementor-col-33 elementor-top-column elementor-element elementor-element-0998ad0\" data-id=\"0998ad0\" data-element_type=\"column\" data-e-type=\"column\">\n\t\t\t<div class=\"elementor-widget-wrap elementor-element-populated\">\n\t\t\t\t\t\t<div class=\"elementor-element elementor-element-f04be5f elementor-widget elementor-widget-image\" data-id=\"f04be5f\" data-element_type=\"widget\" data-e-type=\"widget\" data-widget_type=\"image.default\">\n\t\t\t\t<div class=\"elementor-widget-container\">\n\t\t\t\t\t\t\t\t\t\t\t\t\t\t\t<img fetchpriority=\"high\" decoding=\"async\" width=\"1400\" height=\"933\" src=\"https:\/\/www.kinner-korenjak.law\/wp-content\/uploads\/2019\/10\/Karriere_T7A0780.jpg\" class=\"attachment-full size-full wp-image-1041\" alt=\"\" srcset=\"https:\/\/www.kinner-korenjak.law\/wp-content\/uploads\/2019\/10\/Karriere_T7A0780.jpg 1400w, https:\/\/www.kinner-korenjak.law\/wp-content\/uploads\/2019\/10\/Karriere_T7A0780-300x200.jpg 300w, https:\/\/www.kinner-korenjak.law\/wp-content\/uploads\/2019\/10\/Karriere_T7A0780-768x512.jpg 768w, https:\/\/www.kinner-korenjak.law\/wp-content\/uploads\/2019\/10\/Karriere_T7A0780-1024x682.jpg 1024w\" sizes=\"(max-width: 1400px) 100vw, 1400px\" \/>\t\t\t\t\t\t\t\t\t\t\t\t\t\t\t<\/div>\n\t\t\t\t<\/div>\n\t\t\t\t\t<\/div>\n\t\t<\/div>\n\t\t\t\t\t<\/div>\n\t\t<\/section>\n\t\t\t\t<section class=\"elementor-section elementor-top-section elementor-element elementor-element-2cd6a26 elementor-hidden-desktop elementor-hidden-tablet elementor-hidden-mobile elementor-section-boxed elementor-section-height-default elementor-section-height-default\" data-id=\"2cd6a26\" data-element_type=\"section\" data-e-type=\"section\">\n\t\t\t\t\t\t<div class=\"elementor-container elementor-column-gap-default\">\n\t\t\t\t\t<div class=\"elementor-column elementor-col-100 elementor-top-column elementor-element elementor-element-79e5553\" data-id=\"79e5553\" data-element_type=\"column\" data-e-type=\"column\">\n\t\t\t<div class=\"elementor-widget-wrap elementor-element-populated\">\n\t\t\t\t\t\t<div class=\"elementor-element elementor-element-686cbe7 elementor-widget elementor-widget-text-editor\" data-id=\"686cbe7\" data-element_type=\"widget\" data-e-type=\"widget\" data-widget_type=\"text-editor.default\">\n\t\t\t\t<div class=\"elementor-widget-container\">\n\t\t\t\t\t\t\t\t\t<p>Kinner Korenjak LAW ist eine moderne Boutique-Kanzlei f\u00fcr Arbeitsrecht mit Sitz in 1010 Wien. Zu unseren MandantInnen z\u00e4hlen inl\u00e4ndische und ausl\u00e4ndische Unternehmen sowie F\u00fchrungskr\u00e4fte.<\/p><p>Zur Verst\u00e4rkung unseres Teams in der Administration suchen wir ab sofort einen\/eine (m\/w\/d)<\/p><p style=\"text-align: center;\"><strong>Assistent\/in (m\/w\/d)<\/strong><\/p><p>in Teilzeitbesch\u00e4ftigung (ca 20 Wochenstunden).<\/p><p><strong>Ihre Aufgaben:<\/strong><\/p><ul><li>Unterst\u00fctzung der Rechtsanw\u00e4lte in allen administrativen und organisatorischen Angelegenheiten<\/li><li>Fristenverwaltung<\/li><li>Telefonmanagement und Mandantenempfang<\/li><li>E-Mail-Korrespondenz und Schriftverkehr sowie Postabwicklung<\/li><li>Honorarabrechnung und Erstellung von Gerichtskostennoten<\/li><li>Softwareunterst\u00fctzte Aktenf\u00fchrung und -verwaltung<\/li><li>elektronischer Rechtsverkehr mit Gerichten<\/li><li>Terminkoordination und Reisemanagement<\/li><\/ul><p><strong>Unser Anforderungsprofil:<\/strong><\/p><ul><li>genaues und verantwortungsbewusstes Arbeiten<\/li><li>h\u00f6fliche Umgangsformen und sicheres, gepflegtes Auftreten<\/li><li>absolute Diskretion und Loyalit\u00e4t<\/li><li>ausgezeichnete Deutschkenntnisse<\/li><li>Englisch in Wort und Schrift<\/li><li>versierter Umgang mit allen MS-Office Programmen; Advokat- oder jurXpert -Kenntnisse sowie webERV-Kenntnisse von Vorteil<\/li><li>abgeschlossene (kaufm\u00e4nnische) Ausbildung und\/oder mehrj\u00e4hrige einschl\u00e4gige Berufserfahrung<\/li><li>ebenso richtet sich dieses Inserat aber auch an berufsbegleitend Studierende, insb StudentInnen der Rechtswissenschaften oder Wirtschaftsrecht (WU)<\/li><\/ul><p><strong>Unser Angebot an Sie:<\/strong><\/p><ul><li>freundliches Arbeitsklima in einem jungen, motivierten Team<\/li><li>abwechslungsreiches und anspruchsvolles T\u00e4tigkeitsfeld<\/li><li>moderne Kanzleir\u00e4umlichkeiten<\/li><li>zentrale Lage mit sehr guter Verkehrsanbindung (U-Bahn, Stra\u00dfenbahn, Badner-Bahn, Bus)<\/li><li>geregelte Arbeitszeiten, wobei auf Studienpl\u00e4ne und Pr\u00fcfungstermine R\u00fccksicht genommen wird<\/li><li>Das kollektivvertragliche Mindestgehalt betr\u00e4gt auf Basis einer 20-Stunden-Woche ab EUR\u00a0795 brutto pro Monat (14mal j\u00e4hrlich), wobei je nach Berufserfahrung und Qualifikation die Bereitschaft zur \u00dcberzahlung besteht<\/li><\/ul><p>Wir freuen uns \u00fcber Ihre aussagekr\u00e4ftige schriftliche Bewerbung (Lebenslauf mit Foto, Motivationsschreiben, Zeugnisse)\u00a0ausschlie\u00dflich via E-Mail an\u00a0<a href=\"mailto:recruiting@kinner-korenjak.law\">recruiting@kinner-korenjak.law<\/a> zu Handen von Herrn RA Dr Wolfgang Kinner.<\/p>\t\t\t\t\t\t\t\t<\/div>\n\t\t\t\t<\/div>\n\t\t\t\t<div class=\"elementor-element elementor-element-7885b3b elementor-widget elementor-widget-spacer\" data-id=\"7885b3b\" data-element_type=\"widget\" data-e-type=\"widget\" data-widget_type=\"spacer.default\">\n\t\t\t\t<div class=\"elementor-widget-container\">\n\t\t\t\t\t\t\t<div class=\"elementor-spacer\">\n\t\t\t<div class=\"elementor-spacer-inner\"><\/div>\n\t\t<\/div>\n\t\t\t\t\t\t<\/div>\n\t\t\t\t<\/div>\n\t\t\t\t\t<\/div>\n\t\t<\/div>\n\t\t\t\t\t<\/div>\n\t\t<\/section>\n\t\t\t\t<section class=\"elementor-section elementor-top-section elementor-element elementor-element-cb0c606 elementor-section-boxed elementor-section-height-default elementor-section-height-default\" data-id=\"cb0c606\" data-element_type=\"section\" data-e-type=\"section\">\n\t\t\t\t\t\t<div class=\"elementor-container elementor-column-gap-default\">\n\t\t\t\t\t<div class=\"elementor-column elementor-col-100 elementor-top-column elementor-element elementor-element-99461cb\" data-id=\"99461cb\" data-element_type=\"column\" data-e-type=\"column\">\n\t\t\t<div class=\"elementor-widget-wrap elementor-element-populated\">\n\t\t\t\t\t\t<div class=\"elementor-element elementor-element-558177d elementor-widget-divider--view-line elementor-widget elementor-widget-divider\" data-id=\"558177d\" data-element_type=\"widget\" data-e-type=\"widget\" data-widget_type=\"divider.default\">\n\t\t\t\t<div class=\"elementor-widget-container\">\n\t\t\t\t\t\t\t<div class=\"elementor-divider\">\n\t\t\t<span class=\"elementor-divider-separator\">\n\t\t\t\t\t\t<\/span>\n\t\t<\/div>\n\t\t\t\t\t\t<\/div>\n\t\t\t\t<\/div>\n\t\t\t\t<div class=\"elementor-element elementor-element-d00d7d0 elementor-widget elementor-widget-text-editor\" data-id=\"d00d7d0\" data-element_type=\"widget\" data-e-type=\"widget\" data-widget_type=\"text-editor.default\">\n\t\t\t\t<div class=\"elementor-widget-container\">\n\t\t\t\t\t\t\t\t\t<p>Kinner Korenjak LAW ist eine anerkannte, stetig wachsende Kanzlei f\u00fcr Arbeitsrecht mit Sitz in 1010 Wien. Zu unseren Mandant:innen z\u00e4hlen inl\u00e4ndische und internationale Unternehmen sowie F\u00fchrungskr\u00e4fte.<\/p><p>Zur Verst\u00e4rkung unseres Teams suchen wir ab sofort einen\/eine (m\/w\/d)<\/p><p style=\"text-align: center;\"><strong>Rechtsanwaltsanw\u00e4rter:in (m\/w\/d)<\/strong><\/p><p style=\"text-align: center;\"><strong>Rechtsanw\u00e4lt:in (m\/w\/d)<\/strong><\/p><p style=\"text-align: center;\">Arbeitsrecht<\/p><p><strong>Ihre Qualifikation:<\/strong><\/p><ul><li>Vorerfahrung im Arbeitsrecht, entweder berufliche oder universit\u00e4re Schwerpunktsetzung<\/li><li>genaues und verantwortungsbewusstes Arbeiten<\/li><li>Einsatzfreude und Zuverl\u00e4ssigkeit<\/li><li>gutes Englisch in Wort und Schrift<\/li><li>mit oder ohne abgelegter Rechtsanwaltspr\u00fcfung<\/li><\/ul><p><strong>Unser Angebot:<\/strong><\/p><ul><li>abwechslungsreiches und verantwortungsvolles T\u00e4tigkeitsfeld<\/li><li>sehr freundliches Arbeitsklima in einem Team engagierter Pers\u00f6nlichkeiten<\/li><li>M\u00f6glichkeit zur pers\u00f6nlichen Schwerpunktsetzung im HR-Recht<\/li><li>Chance zur beruflichen Weiterentwicklung und langfristigen Kooperation<\/li><li>Leistungsgerechte Verg\u00fctung<\/li><li>beste Innenstadtlage mit sehr guter Verkehrsanbindung<\/li><\/ul><p>Zudem erwarten Sie attraktive Rahmenbedingungen, eine wertsch\u00e4tzende Atmosph\u00e4re sowie die Sicherheit einer etablierten Kanzlei.<br \/>[Angabe nach \u00a7 9 (2) GlBG: F\u00fcr diese Position gilt kein kollektiv oder gesetzlich geregeltes Mindestentgelt. Als Mindestgrundlage f\u00fcr die Verhandlungen zur Vereinbarung des Entgelts dient ein Jahresbruttoentgelt von zumindest EUR 42.000 (Basis: Vollzeit, ohne RAP, mit absolvierter Gerichtspraxis). Herausragende Erfahrung und Qualifikation wird mit entsprechender \u00dcberzahlung begr\u00fc\u00dft.]<\/p><p>Wir freuen uns \u00fcber Ihre aussagekr\u00e4ftige schriftliche Bewerbung (Lebenslauf mit Foto, Motivationsschreiben, Zeugnisse) \u00a0via E-Mail an <a href=\"mailto:recruiting@kinner-korenjak.law\">recruiting@kinner-korenjak.law<\/a> zu Handen von Herrn <a href=\"https:\/\/www.kinner-korenjak.law\/en\/attorney-at-law\/dr-wolfgang-kinner\/\">RA Dr Wolfgang Kinner<\/a>.<\/p><p>\u00a0<\/p>\t\t\t\t\t\t\t\t<\/div>\n\t\t\t\t<\/div>\n\t\t\t\t<div class=\"elementor-element elementor-element-4a5a920 elementor-widget elementor-widget-spacer\" data-id=\"4a5a920\" data-element_type=\"widget\" data-e-type=\"widget\" data-widget_type=\"spacer.default\">\n\t\t\t\t<div class=\"elementor-widget-container\">\n\t\t\t\t\t\t\t<div class=\"elementor-spacer\">\n\t\t\t<div class=\"elementor-spacer-inner\"><\/div>\n\t\t<\/div>\n\t\t\t\t\t\t<\/div>\n\t\t\t\t<\/div>\n\t\t\t\t\t<\/div>\n\t\t<\/div>\n\t\t\t\t\t<\/div>\n\t\t<\/section>\n\t\t\t\t<\/div>\n\t\t","protected":false},"excerpt":{"rendered":"<p>Career We continue to develop our boutique law firm step by step. Current positions as associate legal intern or in administration will be published here. Kinner Korenjak LAW ist eine moderne Boutique-Kanzlei f\u00fcr Arbeitsrecht mit Sitz in 1010 Wien. Zu unseren MandantInnen z\u00e4hlen inl\u00e4ndische und ausl\u00e4ndische Unternehmen sowie F\u00fchrungskr\u00e4fte. Zur Verst\u00e4rkung unseres Teams in der [&hellip;]<\/p>\n","protected":false},"author":1,"featured_media":0,"parent":0,"menu_order":0,"comment_status":"closed","ping_status":"closed","template":"","meta":{"inline_featured_image":false,"site-sidebar-layout":"no-sidebar","site-content-layout":"page-builder","ast-site-content-layout":"default","site-content-style":"default","site-sidebar-style":"default","ast-global-header-display":"","ast-banner-title-visibility":"","ast-main-header-display":"","ast-hfb-above-header-display":"","ast-hfb-below-header-display":"","ast-hfb-mobile-header-display":"","site-post-title":"disabled","ast-breadcrumbs-content":"","ast-featured-img":"disabled","footer-sml-layout":"","ast-disable-related-posts":"","theme-transparent-header-meta":"default","adv-header-id-meta":"","stick-header-meta":"default","header-above-stick-meta":"","header-main-stick-meta":"","header-below-stick-meta":"","astra-migrate-meta-layouts":"default","ast-page-background-enabled":"default","ast-page-background-meta":{"desktop":{"background-color":"","background-image":"","background-repeat":"repeat","background-position":"center center","background-size":"auto","background-attachment":"scroll","background-type":"","background-media":"","overlay-type":"","overlay-color":"","overlay-opacity":"","overlay-gradient":""},"tablet":{"background-color":"","background-image":"","background-repeat":"repeat","background-position":"center center","background-size":"auto","background-attachment":"scroll","background-type":"","background-media":"","overlay-type":"","overlay-color":"","overlay-opacity":"","overlay-gradient":""},"mobile":{"background-color":"","background-image":"","background-repeat":"repeat","background-position":"center center","background-size":"auto","background-attachment":"scroll","background-type":"","background-media":"","overlay-type":"","overlay-color":"","overlay-opacity":"","overlay-gradient":""}},"ast-content-background-meta":{"desktop":{"background-color":"var(--ast-global-color-5)","background-image":"","background-repeat":"repeat","background-position":"center center","background-size":"auto","background-attachment":"scroll","background-type":"","background-media":"","overlay-type":"","overlay-color":"","overlay-opacity":"","overlay-gradient":""},"tablet":{"background-color":"var(--ast-global-color-5)","background-image":"","background-repeat":"repeat","background-position":"center center","background-size":"auto","background-attachment":"scroll","background-type":"","background-media":"","overlay-type":"","overlay-color":"","overlay-opacity":"","overlay-gradient":""},"mobile":{"background-color":"var(--ast-global-color-5)","background-image":"","background-repeat":"repeat","background-position":"center center","background-size":"auto","background-attachment":"scroll","background-type":"","background-media":"","overlay-type":"","overlay-color":"","overlay-opacity":"","overlay-gradient":""}},"footnotes":""},"class_list":["post-1138","page","type-page","status-publish","hentry"],"yoast_head":"<!-- This site is optimized with the Yoast SEO plugin v27.4 - https:\/\/yoast.com\/product\/yoast-seo-wordpress\/ -->\n<title>Career - Kinner Korenjak LAW | Your Partners im employment law<\/title>\n<meta name=\"description\" content=\"We want to develop our boutique law firm step by step. Current advertisements for employees are published here.\" \/>\n<meta name=\"robots\" content=\"index, follow, max-snippet:-1, max-image-preview:large, max-video-preview:-1\" \/>\n<link rel=\"canonical\" href=\"https:\/\/www.kinner-korenjak.law\/en\/career\/\" \/>\n<meta property=\"og:locale\" content=\"en_US\" \/>\n<meta property=\"og:type\" content=\"article\" \/>\n<meta property=\"og:title\" content=\"Career | Kinner Korenjak LAW | Your Partners im employment law\" \/>\n<meta property=\"og:description\" content=\"We want to develop our boutique law firm step by step. Current advertisements for employees are published here.\" \/>\n<meta property=\"og:url\" content=\"https:\/\/www.kinner-korenjak.law\/en\/career\/\" \/>\n<meta property=\"og:site_name\" content=\"Kinner Korenjak LAW\" \/>\n<meta property=\"article:modified_time\" content=\"2024-12-13T20:11:20+00:00\" \/>\n<meta property=\"og:image\" content=\"http:\/\/www.kinner-korenjak.law\/wp-content\/uploads\/2019\/10\/Karriere_T7A0780.jpg\" \/>\n<meta name=\"twitter:card\" content=\"summary_large_image\" \/>\n<meta name=\"twitter:label1\" content=\"Est. reading time\" \/>\n\t<meta name=\"twitter:data1\" content=\"3 minutes\" \/>\n<script type=\"application\/ld+json\" class=\"yoast-schema-graph\">{\"@context\":\"https:\\\/\\\/schema.org\",\"@graph\":[{\"@type\":\"WebPage\",\"@id\":\"https:\\\/\\\/www.kinner-korenjak.law\\\/en\\\/career\\\/\",\"url\":\"https:\\\/\\\/www.kinner-korenjak.law\\\/en\\\/career\\\/\",\"name\":\"Career - Kinner Korenjak LAW | Your Partners im employment law\",\"isPartOf\":{\"@id\":\"https:\\\/\\\/www.kinner-korenjak.law\\\/en\\\/#website\"},\"primaryImageOfPage\":{\"@id\":\"https:\\\/\\\/www.kinner-korenjak.law\\\/en\\\/career\\\/#primaryimage\"},\"image\":{\"@id\":\"https:\\\/\\\/www.kinner-korenjak.law\\\/en\\\/career\\\/#primaryimage\"},\"thumbnailUrl\":\"https:\\\/\\\/www.kinner-korenjak.law\\\/wp-content\\\/uploads\\\/2019\\\/10\\\/Karriere_T7A0780.jpg\",\"datePublished\":\"2019-12-22T13:26:51+00:00\",\"dateModified\":\"2024-12-13T20:11:20+00:00\",\"description\":\"We want to develop our boutique law firm step by step. Current advertisements for employees are published here.\",\"breadcrumb\":{\"@id\":\"https:\\\/\\\/www.kinner-korenjak.law\\\/en\\\/career\\\/#breadcrumb\"},\"inLanguage\":\"en-US\",\"potentialAction\":[{\"@type\":\"ReadAction\",\"target\":[\"https:\\\/\\\/www.kinner-korenjak.law\\\/en\\\/career\\\/\"]}]},{\"@type\":\"ImageObject\",\"inLanguage\":\"en-US\",\"@id\":\"https:\\\/\\\/www.kinner-korenjak.law\\\/en\\\/career\\\/#primaryimage\",\"url\":\"https:\\\/\\\/www.kinner-korenjak.law\\\/wp-content\\\/uploads\\\/2019\\\/10\\\/Karriere_T7A0780.jpg\",\"contentUrl\":\"https:\\\/\\\/www.kinner-korenjak.law\\\/wp-content\\\/uploads\\\/2019\\\/10\\\/Karriere_T7A0780.jpg\"},{\"@type\":\"BreadcrumbList\",\"@id\":\"https:\\\/\\\/www.kinner-korenjak.law\\\/en\\\/career\\\/#breadcrumb\",\"itemListElement\":[{\"@type\":\"ListItem\",\"position\":1,\"name\":\"Startseite\",\"item\":\"https:\\\/\\\/www.kinner-korenjak.law\\\/en\\\/\"},{\"@type\":\"ListItem\",\"position\":2,\"name\":\"Career\"}]},{\"@type\":\"WebSite\",\"@id\":\"https:\\\/\\\/www.kinner-korenjak.law\\\/en\\\/#website\",\"url\":\"https:\\\/\\\/www.kinner-korenjak.law\\\/en\\\/\",\"name\":\"Kinner Korenjak LAW\",\"description\":\"Rechtsanw\u00e4lte Dr Wolfgang Kinner &amp; Dr Ingrid Korenjak\",\"publisher\":{\"@id\":\"https:\\\/\\\/www.kinner-korenjak.law\\\/en\\\/#organization\"},\"potentialAction\":[{\"@type\":\"SearchAction\",\"target\":{\"@type\":\"EntryPoint\",\"urlTemplate\":\"https:\\\/\\\/www.kinner-korenjak.law\\\/en\\\/?s={search_term_string}\"},\"query-input\":{\"@type\":\"PropertyValueSpecification\",\"valueRequired\":true,\"valueName\":\"search_term_string\"}}],\"inLanguage\":\"en-US\"},{\"@type\":\"Organization\",\"@id\":\"https:\\\/\\\/www.kinner-korenjak.law\\\/en\\\/#organization\",\"name\":\"Kinner Korenjak LAW\",\"url\":\"https:\\\/\\\/www.kinner-korenjak.law\\\/en\\\/\",\"logo\":{\"@type\":\"ImageObject\",\"inLanguage\":\"en-US\",\"@id\":\"https:\\\/\\\/www.kinner-korenjak.law\\\/en\\\/#\\\/schema\\\/logo\\\/image\\\/\",\"url\":\"http:\\\/\\\/www.kinner-korenjak.law\\\/wp-content\\\/uploads\\\/2019\\\/09\\\/Kinner-Korenjak-Logov2@2x.png\",\"contentUrl\":\"http:\\\/\\\/www.kinner-korenjak.law\\\/wp-content\\\/uploads\\\/2019\\\/09\\\/Kinner-Korenjak-Logov2@2x.png\",\"width\":1221,\"height\":305,\"caption\":\"Kinner Korenjak LAW\"},\"image\":{\"@id\":\"https:\\\/\\\/www.kinner-korenjak.law\\\/en\\\/#\\\/schema\\\/logo\\\/image\\\/\"},\"sameAs\":[\"https:\\\/\\\/www.linkedin.com\\\/in\\\/wolfgang-kinner-8a3512121\\\/\"]}]}<\/script>\n<!-- \/ Yoast SEO plugin. -->","yoast_head_json":{"title":"Career - Kinner Korenjak LAW | Your Partners im employment law","description":"We want to develop our boutique law firm step by step. Current advertisements for employees are published here.","robots":{"index":"index","follow":"follow","max-snippet":"max-snippet:-1","max-image-preview":"max-image-preview:large","max-video-preview":"max-video-preview:-1"},"canonical":"https:\/\/www.kinner-korenjak.law\/en\/career\/","og_locale":"en_US","og_type":"article","og_title":"Career | Kinner Korenjak LAW | Your Partners im employment law","og_description":"We want to develop our boutique law firm step by step. Current advertisements for employees are published here.","og_url":"https:\/\/www.kinner-korenjak.law\/en\/career\/","og_site_name":"Kinner Korenjak LAW","article_modified_time":"2024-12-13T20:11:20+00:00","og_image":[{"url":"http:\/\/www.kinner-korenjak.law\/wp-content\/uploads\/2019\/10\/Karriere_T7A0780.jpg","type":"","width":"","height":""}],"twitter_card":"summary_large_image","twitter_misc":{"Est. reading time":"3 minutes"},"schema":{"@context":"https:\/\/schema.org","@graph":[{"@type":"WebPage","@id":"https:\/\/www.kinner-korenjak.law\/en\/career\/","url":"https:\/\/www.kinner-korenjak.law\/en\/career\/","name":"Career - Kinner Korenjak LAW | Your Partners im employment law","isPartOf":{"@id":"https:\/\/www.kinner-korenjak.law\/en\/#website"},"primaryImageOfPage":{"@id":"https:\/\/www.kinner-korenjak.law\/en\/career\/#primaryimage"},"image":{"@id":"https:\/\/www.kinner-korenjak.law\/en\/career\/#primaryimage"},"thumbnailUrl":"https:\/\/www.kinner-korenjak.law\/wp-content\/uploads\/2019\/10\/Karriere_T7A0780.jpg","datePublished":"2019-12-22T13:26:51+00:00","dateModified":"2024-12-13T20:11:20+00:00","description":"We want to develop our boutique law firm step by step. Current advertisements for employees are published here.","breadcrumb":{"@id":"https:\/\/www.kinner-korenjak.law\/en\/career\/#breadcrumb"},"inLanguage":"en-US","potentialAction":[{"@type":"ReadAction","target":["https:\/\/www.kinner-korenjak.law\/en\/career\/"]}]},{"@type":"ImageObject","inLanguage":"en-US","@id":"https:\/\/www.kinner-korenjak.law\/en\/career\/#primaryimage","url":"https:\/\/www.kinner-korenjak.law\/wp-content\/uploads\/2019\/10\/Karriere_T7A0780.jpg","contentUrl":"https:\/\/www.kinner-korenjak.law\/wp-content\/uploads\/2019\/10\/Karriere_T7A0780.jpg"},{"@type":"BreadcrumbList","@id":"https:\/\/www.kinner-korenjak.law\/en\/career\/#breadcrumb","itemListElement":[{"@type":"ListItem","position":1,"name":"Startseite","item":"https:\/\/www.kinner-korenjak.law\/en\/"},{"@type":"ListItem","position":2,"name":"Career"}]},{"@type":"WebSite","@id":"https:\/\/www.kinner-korenjak.law\/en\/#website","url":"https:\/\/www.kinner-korenjak.law\/en\/","name":"Kinner Korenjak LAW","description":"Rechtsanw\u00e4lte Dr Wolfgang Kinner &amp; Dr Ingrid Korenjak","publisher":{"@id":"https:\/\/www.kinner-korenjak.law\/en\/#organization"},"potentialAction":[{"@type":"SearchAction","target":{"@type":"EntryPoint","urlTemplate":"https:\/\/www.kinner-korenjak.law\/en\/?s={search_term_string}"},"query-input":{"@type":"PropertyValueSpecification","valueRequired":true,"valueName":"search_term_string"}}],"inLanguage":"en-US"},{"@type":"Organization","@id":"https:\/\/www.kinner-korenjak.law\/en\/#organization","name":"Kinner Korenjak LAW","url":"https:\/\/www.kinner-korenjak.law\/en\/","logo":{"@type":"ImageObject","inLanguage":"en-US","@id":"https:\/\/www.kinner-korenjak.law\/en\/#\/schema\/logo\/image\/","url":"http:\/\/www.kinner-korenjak.law\/wp-content\/uploads\/2019\/09\/Kinner-Korenjak-Logov2@2x.png","contentUrl":"http:\/\/www.kinner-korenjak.law\/wp-content\/uploads\/2019\/09\/Kinner-Korenjak-Logov2@2x.png","width":1221,"height":305,"caption":"Kinner Korenjak LAW"},"image":{"@id":"https:\/\/www.kinner-korenjak.law\/en\/#\/schema\/logo\/image\/"},"sameAs":["https:\/\/www.linkedin.com\/in\/wolfgang-kinner-8a3512121\/"]}]}},"_links":{"self":[{"href":"https:\/\/www.kinner-korenjak.law\/en\/wp-json\/wp\/v2\/pages\/1138","targetHints":{"allow":["GET"]}}],"collection":[{"href":"https:\/\/www.kinner-korenjak.law\/en\/wp-json\/wp\/v2\/pages"}],"about":[{"href":"https:\/\/www.kinner-korenjak.law\/en\/wp-json\/wp\/v2\/types\/page"}],"author":[{"embeddable":true,"href":"https:\/\/www.kinner-korenjak.law\/en\/wp-json\/wp\/v2\/users\/1"}],"replies":[{"embeddable":true,"href":"https:\/\/www.kinner-korenjak.law\/en\/wp-json\/wp\/v2\/comments?post=1138"}],"version-history":[{"count":36,"href":"https:\/\/www.kinner-korenjak.law\/en\/wp-json\/wp\/v2\/pages\/1138\/revisions"}],"predecessor-version":[{"id":2874,"href":"https:\/\/www.kinner-korenjak.law\/en\/wp-json\/wp\/v2\/pages\/1138\/revisions\/2874"}],"wp:attachment":[{"href":"https:\/\/www.kinner-korenjak.law\/en\/wp-json\/wp\/v2\/media?parent=1138"}],"curies":[{"name":"wp","href":"https:\/\/api.w.org\/{rel}","templated":true}]}}